{"id":1116,"date":"2024-12-02T15:12:22","date_gmt":"2024-12-02T18:12:22","guid":{"rendered":"https:\/\/www.robinsonlogistics.com.ar\/?page_id=1116"},"modified":"2026-03-10T23:56:10","modified_gmt":"2026-03-11T02:56:10","slug":"novedades","status":"publish","type":"page","link":"https:\/\/www.robinsonlogistics.com.ar\/en\/novedades\/","title":{"rendered":"Novedades"},"content":{"rendered":"<div data-elementor-type=\"wp-page\" data-elementor-id=\"1116\" class=\"elementor elementor-1116\" data-elementor-post-type=\"page\">\n\t\t\t\t<div class=\"elementor-element elementor-element-13239c8 e-flex e-con-boxed e-con e-parent\" data-id=\"13239c8\" data-element_type=\"container\" data-e-type=\"container\" data-settings=\"{&quot;background_background&quot;:&quot;classic&quot;}\">\n\t\t\t\t\t<div class=\"e-con-inner\">\n\t\t\t\t<div class=\"elementor-element elementor-element-af9aac7 elementor-widget__width-initial elementor-invisible elementor-widget elementor-widget-heading\" data-id=\"af9aac7\" data-element_type=\"widget\" data-e-type=\"widget\" data-settings=\"{&quot;_animation&quot;:&quot;fadeInLeft&quot;}\" data-widget_type=\"heading.default\">\n\t\t\t\t<div class=\"elementor-widget-container\">\n\t\t\t\t\t<h1 class=\"elementor-heading-title elementor-size-default\">Novedades<\/h1>\t\t\t\t<\/div>\n\t\t\t\t<\/div>\n\t\t\t\t<div class=\"elementor-element elementor-element-11e468a elementor-widget__width-initial elementor-invisible elementor-widget elementor-widget-text-editor\" data-id=\"11e468a\" data-element_type=\"widget\" data-e-type=\"widget\" data-settings=\"{&quot;_animation&quot;:&quot;fadeInLeft&quot;}\" data-widget_type=\"text-editor.default\">\n\t\t\t\t<div class=\"elementor-widget-container\">\n\t\t\t\t\t\t\t\t\tEnterate de las \u00faltimas novedades, lanzamientos y actualizaciones de nuestros servicios.\t\t\t\t\t\t\t\t<\/div>\n\t\t\t\t<\/div>\n\t\t\t\t\t<\/div>\n\t\t\t\t<\/div>\n\t\t<div class=\"elementor-element elementor-element-f89f053 e-flex e-con-boxed e-con e-parent\" data-id=\"f89f053\" data-element_type=\"container\" data-e-type=\"container\" data-settings=\"{&quot;background_background&quot;:&quot;classic&quot;}\">\n\t\t\t\t\t<div class=\"e-con-inner\">\n\t\t\t\t<div class=\"elementor-element elementor-element-9c42858 elementor-grid-3 elementor-grid-tablet-2 elementor-grid-mobile-1 elementor-posts--thumbnail-top elementor-invisible elementor-widget elementor-widget-posts\" data-id=\"9c42858\" data-element_type=\"widget\" data-e-type=\"widget\" data-settings=\"{&quot;pagination_type&quot;:&quot;numbers_and_prev_next&quot;,&quot;_animation&quot;:&quot;fadeInUp&quot;,&quot;classic_columns&quot;:&quot;3&quot;,&quot;classic_columns_tablet&quot;:&quot;2&quot;,&quot;classic_columns_mobile&quot;:&quot;1&quot;,&quot;classic_row_gap&quot;:{&quot;unit&quot;:&quot;px&quot;,&quot;size&quot;:35,&quot;sizes&quot;:[]},&quot;classic_row_gap_tablet&quot;:{&quot;unit&quot;:&quot;px&quot;,&quot;size&quot;:&quot;&quot;,&quot;sizes&quot;:[]},&quot;classic_row_gap_mobile&quot;:{&quot;unit&quot;:&quot;px&quot;,&quot;size&quot;:&quot;&quot;,&quot;sizes&quot;:[]}}\" data-widget_type=\"posts.classic\">\n\t\t\t\t<div class=\"elementor-widget-container\">\n\t\t\t\t\t\t\t<div class=\"elementor-posts-container elementor-posts elementor-posts--skin-classic elementor-grid\" role=\"list\">\n\t\t\t\t<article class=\"elementor-post elementor-grid-item post-1698 post type-post status-publish format-standard has-post-thumbnail hentry category-sin-categoria entry has-media\" role=\"listitem\">\n\t\t\t\t<a class=\"elementor-post__thumbnail__link\" href=\"https:\/\/www.robinsonlogistics.com.ar\/en\/medio-oriente-tensiona-la-logistica-global-y-acelera-un-cambio-de-paradigma-en-la-supply-chain\/\" tabindex=\"-1\" >\n\t\t\t<div class=\"elementor-post__thumbnail\"><img fetchpriority=\"high\" decoding=\"async\" width=\"2560\" height=\"1706\" src=\"https:\/\/www.robinsonlogistics.com.ar\/wp-content\/uploads\/2026\/03\/aerial-view-container-cargo-ship-sea-scaled.jpg\" class=\"attachment-full size-full wp-image-1710\" alt=\"\" srcset=\"https:\/\/www.robinsonlogistics.com.ar\/wp-content\/uploads\/2026\/03\/aerial-view-container-cargo-ship-sea-scaled.jpg 2560w, https:\/\/www.robinsonlogistics.com.ar\/wp-content\/uploads\/2026\/03\/aerial-view-container-cargo-ship-sea-300x200.jpg 300w, https:\/\/www.robinsonlogistics.com.ar\/wp-content\/uploads\/2026\/03\/aerial-view-container-cargo-ship-sea-1024x683.jpg 1024w, https:\/\/www.robinsonlogistics.com.ar\/wp-content\/uploads\/2026\/03\/aerial-view-container-cargo-ship-sea-768x512.jpg 768w, https:\/\/www.robinsonlogistics.com.ar\/wp-content\/uploads\/2026\/03\/aerial-view-container-cargo-ship-sea-1536x1024.jpg 1536w, https:\/\/www.robinsonlogistics.com.ar\/wp-content\/uploads\/2026\/03\/aerial-view-container-cargo-ship-sea-2048x1365.jpg 2048w, https:\/\/www.robinsonlogistics.com.ar\/wp-content\/uploads\/2026\/03\/aerial-view-container-cargo-ship-sea-18x12.jpg 18w\" sizes=\"(max-width: 2560px) 100vw, 2560px\" \/><\/div>\n\t\t<\/a>\n\t\t\t\t<div class=\"elementor-post__text\">\n\t\t\t\t<h3 class=\"elementor-post__title\">\n\t\t\t<a href=\"https:\/\/www.robinsonlogistics.com.ar\/en\/medio-oriente-tensiona-la-logistica-global-y-acelera-un-cambio-de-paradigma-en-la-supply-chain\/\" >\n\t\t\t\tMedio Oriente tensiona la log\u00edstica global y acelera un cambio de paradigma en la\u00a0supply\u00a0chain\u00a0\t\t\t<\/a>\n\t\t<\/h3>\n\t\t\t\t<div class=\"elementor-post__excerpt\">\n\t\t\t<p>Buenos Aires, 30 de marzo de 2026.&nbsp;La din\u00e1mica del comercio internacional atraviesa un punto de inflexi\u00f3n. La creciente tensi\u00f3n en<\/p>\n\t\t<\/div>\n\t\t\t\t\t<div class=\"elementor-post__read-more-wrapper\">\n\t\t\n\t\t<a class=\"elementor-post__read-more\" href=\"https:\/\/www.robinsonlogistics.com.ar\/en\/medio-oriente-tensiona-la-logistica-global-y-acelera-un-cambio-de-paradigma-en-la-supply-chain\/\" aria-label=\"Read more about Medio Oriente tensiona la log\u00edstica global y acelera un cambio de paradigma en la\u00a0supply\u00a0chain\u00a0\" tabindex=\"-1\" >\n\t\t\tVIEW MORE\t\t<\/a>\n\n\t\t\t\t\t<\/div>\n\t\t\t\t<\/div>\n\t\t\t\t<\/article>\n\t\t\t\t<article class=\"elementor-post elementor-grid-item post-1658 post type-post status-publish format-standard has-post-thumbnail hentry category-sin-categoria entry has-media\" role=\"listitem\">\n\t\t\t\t<a class=\"elementor-post__thumbnail__link\" href=\"https:\/\/www.robinsonlogistics.com.ar\/en\/robinson-logistics-presente-en-expoagro-2026-con-foco-en-logistica-agroindustrial\/\" tabindex=\"-1\" >\n\t\t\t<div class=\"elementor-post__thumbnail\"><img decoding=\"async\" width=\"2560\" height=\"1920\" src=\"https:\/\/www.robinsonlogistics.com.ar\/wp-content\/uploads\/2026\/03\/Expoagro-2026-1-2-scaled.jpg\" class=\"attachment-full size-full wp-image-1677\" alt=\"\" srcset=\"https:\/\/www.robinsonlogistics.com.ar\/wp-content\/uploads\/2026\/03\/Expoagro-2026-1-2-scaled.jpg 2560w, https:\/\/www.robinsonlogistics.com.ar\/wp-content\/uploads\/2026\/03\/Expoagro-2026-1-2-300x225.jpg 300w, https:\/\/www.robinsonlogistics.com.ar\/wp-content\/uploads\/2026\/03\/Expoagro-2026-1-2-1024x768.jpg 1024w, https:\/\/www.robinsonlogistics.com.ar\/wp-content\/uploads\/2026\/03\/Expoagro-2026-1-2-768x576.jpg 768w, https:\/\/www.robinsonlogistics.com.ar\/wp-content\/uploads\/2026\/03\/Expoagro-2026-1-2-1536x1152.jpg 1536w, https:\/\/www.robinsonlogistics.com.ar\/wp-content\/uploads\/2026\/03\/Expoagro-2026-1-2-2048x1536.jpg 2048w, https:\/\/www.robinsonlogistics.com.ar\/wp-content\/uploads\/2026\/03\/Expoagro-2026-1-2-16x12.jpg 16w\" sizes=\"(max-width: 2560px) 100vw, 2560px\" \/><\/div>\n\t\t<\/a>\n\t\t\t\t<div class=\"elementor-post__text\">\n\t\t\t\t<h3 class=\"elementor-post__title\">\n\t\t\t<a href=\"https:\/\/www.robinsonlogistics.com.ar\/en\/robinson-logistics-presente-en-expoagro-2026-con-foco-en-logistica-agroindustrial\/\" >\n\t\t\t\tRobinson\u00a0Logistics\u00a0presente en\u00a0Expoagro\u00a02026 con foco en log\u00edstica agroindustrial\u00a0\t\t\t<\/a>\n\t\t<\/h3>\n\t\t\t\t<div class=\"elementor-post__excerpt\">\n\t\t\t<p>San Nicol\u00e1s, 11\u00a0de marzo de 2026. \u2013\u00a0Por cuarto a\u00f1o consecutivo, Robinson\u00a0Logistics\u00a0es parte de la feria agr\u00edcola\u00a0Expoagro, que se lleva a<\/p>\n\t\t<\/div>\n\t\t\t\t\t<div class=\"elementor-post__read-more-wrapper\">\n\t\t\n\t\t<a class=\"elementor-post__read-more\" href=\"https:\/\/www.robinsonlogistics.com.ar\/en\/robinson-logistics-presente-en-expoagro-2026-con-foco-en-logistica-agroindustrial\/\" aria-label=\"Read more about Robinson\u00a0Logistics\u00a0presente en\u00a0Expoagro\u00a02026 con foco en log\u00edstica agroindustrial\u00a0\" tabindex=\"-1\" >\n\t\t\tVIEW MORE\t\t<\/a>\n\n\t\t\t\t\t<\/div>\n\t\t\t\t<\/div>\n\t\t\t\t<\/article>\n\t\t\t\t<article class=\"elementor-post elementor-grid-item post-1653 post type-post status-publish format-standard has-post-thumbnail hentry category-sin-categoria entry has-media\" role=\"listitem\">\n\t\t\t\t<a class=\"elementor-post__thumbnail__link\" href=\"https:\/\/www.robinsonlogistics.com.ar\/en\/robinson-logistics-incorpora-bitrenes-a-su-flota-y-potencia-sus-operaciones-de-transporte-terrestre\/\" tabindex=\"-1\" >\n\t\t\t<div class=\"elementor-post__thumbnail\"><img decoding=\"async\" width=\"700\" height=\"467\" src=\"https:\/\/www.robinsonlogistics.com.ar\/wp-content\/uploads\/2024\/12\/ES_8392.webp\" class=\"attachment-full size-full wp-image-1165\" alt=\"\" srcset=\"https:\/\/www.robinsonlogistics.com.ar\/wp-content\/uploads\/2024\/12\/ES_8392.webp 700w, https:\/\/www.robinsonlogistics.com.ar\/wp-content\/uploads\/2024\/12\/ES_8392-300x200.webp 300w, https:\/\/www.robinsonlogistics.com.ar\/wp-content\/uploads\/2024\/12\/ES_8392-18x12.webp 18w\" sizes=\"(max-width: 700px) 100vw, 700px\" \/><\/div>\n\t\t<\/a>\n\t\t\t\t<div class=\"elementor-post__text\">\n\t\t\t\t<h3 class=\"elementor-post__title\">\n\t\t\t<a href=\"https:\/\/www.robinsonlogistics.com.ar\/en\/robinson-logistics-incorpora-bitrenes-a-su-flota-y-potencia-sus-operaciones-de-transporte-terrestre\/\" >\n\t\t\t\tRobinson Logistics incorpora bitrenes a su flota y potencia sus operaciones de transporte terrestre\t\t\t<\/a>\n\t\t<\/h3>\n\t\t\t\t<div class=\"elementor-post__excerpt\">\n\t\t\t<p>La compa\u00f1\u00eda suma este tipo de unidades para optimizar la eficiencia log\u00edstica, reducir viajes y acompa\u00f1ar la demanda de sectores<\/p>\n\t\t<\/div>\n\t\t\t\t\t<div class=\"elementor-post__read-more-wrapper\">\n\t\t\n\t\t<a class=\"elementor-post__read-more\" href=\"https:\/\/www.robinsonlogistics.com.ar\/en\/robinson-logistics-incorpora-bitrenes-a-su-flota-y-potencia-sus-operaciones-de-transporte-terrestre\/\" aria-label=\"Read more about Robinson Logistics incorpora bitrenes a su flota y potencia sus operaciones de transporte terrestre\" tabindex=\"-1\" >\n\t\t\tVIEW MORE\t\t<\/a>\n\n\t\t\t\t\t<\/div>\n\t\t\t\t<\/div>\n\t\t\t\t<\/article>\n\t\t\t\t<article class=\"elementor-post elementor-grid-item post-1648 post type-post status-publish format-standard has-post-thumbnail hentry category-sin-categoria entry has-media\" role=\"listitem\">\n\t\t\t\t<a class=\"elementor-post__thumbnail__link\" href=\"https:\/\/www.robinsonlogistics.com.ar\/en\/hub-logistico-en-formacion-salta-destino-clave-para-la-proxima-fase-de-crecimiento\/\" tabindex=\"-1\" >\n\t\t\t<div class=\"elementor-post__thumbnail\"><img loading=\"lazy\" decoding=\"async\" width=\"2560\" height=\"1706\" src=\"https:\/\/www.robinsonlogistics.com.ar\/wp-content\/uploads\/2026\/03\/beautiful-scenery-canyon-landscape-dead-horse-point-state-park-utah-usa-scaled.jpg\" class=\"attachment-full size-full wp-image-1712\" alt=\"\" srcset=\"https:\/\/www.robinsonlogistics.com.ar\/wp-content\/uploads\/2026\/03\/beautiful-scenery-canyon-landscape-dead-horse-point-state-park-utah-usa-scaled.jpg 2560w, https:\/\/www.robinsonlogistics.com.ar\/wp-content\/uploads\/2026\/03\/beautiful-scenery-canyon-landscape-dead-horse-point-state-park-utah-usa-300x200.jpg 300w, https:\/\/www.robinsonlogistics.com.ar\/wp-content\/uploads\/2026\/03\/beautiful-scenery-canyon-landscape-dead-horse-point-state-park-utah-usa-1024x683.jpg 1024w, https:\/\/www.robinsonlogistics.com.ar\/wp-content\/uploads\/2026\/03\/beautiful-scenery-canyon-landscape-dead-horse-point-state-park-utah-usa-768x512.jpg 768w, https:\/\/www.robinsonlogistics.com.ar\/wp-content\/uploads\/2026\/03\/beautiful-scenery-canyon-landscape-dead-horse-point-state-park-utah-usa-1536x1024.jpg 1536w, https:\/\/www.robinsonlogistics.com.ar\/wp-content\/uploads\/2026\/03\/beautiful-scenery-canyon-landscape-dead-horse-point-state-park-utah-usa-2048x1365.jpg 2048w, https:\/\/www.robinsonlogistics.com.ar\/wp-content\/uploads\/2026\/03\/beautiful-scenery-canyon-landscape-dead-horse-point-state-park-utah-usa-18x12.jpg 18w\" sizes=\"(max-width: 2560px) 100vw, 2560px\" \/><\/div>\n\t\t<\/a>\n\t\t\t\t<div class=\"elementor-post__text\">\n\t\t\t\t<h3 class=\"elementor-post__title\">\n\t\t\t<a href=\"https:\/\/www.robinsonlogistics.com.ar\/en\/hub-logistico-en-formacion-salta-destino-clave-para-la-proxima-fase-de-crecimiento\/\" >\n\t\t\t\tHub\u00a0log\u00edstico en formaci\u00f3n: Salta, destino clave para la pr\u00f3xima fase de crecimiento\u00a0\t\t\t<\/a>\n\t\t<\/h3>\n\t\t\t\t<div class=\"elementor-post__excerpt\">\n\t\t\t<p>La recuperaci\u00f3n del comercio y la profesionalizaci\u00f3n de los servicios log\u00edsticos impulsan inversiones en el pa\u00eds. Una reconocida empresa anuncia<\/p>\n\t\t<\/div>\n\t\t\t\t\t<div class=\"elementor-post__read-more-wrapper\">\n\t\t\n\t\t<a class=\"elementor-post__read-more\" href=\"https:\/\/www.robinsonlogistics.com.ar\/en\/hub-logistico-en-formacion-salta-destino-clave-para-la-proxima-fase-de-crecimiento\/\" aria-label=\"Read more about Hub\u00a0log\u00edstico en formaci\u00f3n: Salta, destino clave para la pr\u00f3xima fase de crecimiento\u00a0\" tabindex=\"-1\" >\n\t\t\tVIEW MORE\t\t<\/a>\n\n\t\t\t\t\t<\/div>\n\t\t\t\t<\/div>\n\t\t\t\t<\/article>\n\t\t\t\t<\/div>\n\t\t\n\t\t\t\t\t\t<\/div>\n\t\t\t\t<\/div>\n\t\t\t\t\t<\/div>\n\t\t\t\t<\/div>\n\t\t\t\t<\/div>","protected":false},"excerpt":{"rendered":"<p>Novedades Enterate de las \u00faltimas novedades, lanzamientos y actualizaciones de nuestros servicios.<\/p>","protected":false},"author":2,"featured_media":0,"parent":0,"menu_order":0,"comment_status":"closed","ping_status":"closed","template":"elementor_header_footer","meta":{"ocean_post_layout":"","ocean_both_sidebars_style":"","ocean_both_sidebars_content_width":0,"ocean_both_sidebars_sidebars_width":0,"ocean_sidebar":"","ocean_second_sidebar":"","ocean_disable_margins":"enable","ocean_add_body_class":"","ocean_shortcode_before_top_bar":"","ocean_shortcode_after_top_bar":"","ocean_shortcode_before_header":"","ocean_shortcode_after_header":"","ocean_has_shortcode":"","ocean_shortcode_after_title":"","ocean_shortcode_before_footer_widgets":"","ocean_shortcode_after_footer_widgets":"","ocean_shortcode_before_footer_bottom":"","ocean_shortcode_after_footer_bottom":"","ocean_display_top_bar":"default","ocean_display_header":"default","ocean_header_style":"","ocean_center_header_left_menu":"","ocean_custom_header_template":"","ocean_custom_logo":0,"ocean_custom_retina_logo":0,"ocean_custom_logo_max_width":0,"ocean_custom_logo_tablet_max_width":0,"ocean_custom_logo_mobile_max_width":0,"ocean_custom_logo_max_height":0,"ocean_custom_logo_tablet_max_height":0,"ocean_custom_logo_mobile_max_height":0,"ocean_header_custom_menu":"","ocean_menu_typo_font_family":"","ocean_menu_typo_font_subset":"","ocean_menu_typo_font_size":0,"ocean_menu_typo_font_size_tablet":0,"ocean_menu_typo_font_size_mobile":0,"ocean_menu_typo_font_size_unit":"px","ocean_menu_typo_font_weight":"","ocean_menu_typo_font_weight_tablet":"","ocean_menu_typo_font_weight_mobile":"","ocean_menu_typo_transform":"","ocean_menu_typo_transform_tablet":"","ocean_menu_typo_transform_mobile":"","ocean_menu_typo_line_height":0,"ocean_menu_typo_line_height_tablet":0,"ocean_menu_typo_line_height_mobile":0,"ocean_menu_typo_line_height_unit":"","ocean_menu_typo_spacing":0,"ocean_menu_typo_spacing_tablet":0,"ocean_menu_typo_spacing_mobile":0,"ocean_menu_typo_spacing_unit":"","ocean_menu_link_color":"","ocean_menu_link_color_hover":"","ocean_menu_link_color_active":"","ocean_menu_link_background":"","ocean_menu_link_hover_background":"","ocean_menu_link_active_background":"","ocean_menu_social_links_bg":"","ocean_menu_social_hover_links_bg":"","ocean_menu_social_links_color":"","ocean_menu_social_hover_links_color":"","ocean_disable_title":"default","ocean_disable_heading":"default","ocean_post_title":"","ocean_post_subheading":"","ocean_post_title_style":"","ocean_post_title_background_color":"","ocean_post_title_background":0,"ocean_post_title_bg_image_position":"","ocean_post_title_bg_image_attachment":"","ocean_post_title_bg_image_repeat":"","ocean_post_title_bg_image_size":"","ocean_post_title_height":0,"ocean_post_title_bg_overlay":0.5,"ocean_post_title_bg_overlay_color":"","ocean_disable_breadcrumbs":"default","ocean_breadcrumbs_color":"","ocean_breadcrumbs_separator_color":"","ocean_breadcrumbs_links_color":"","ocean_breadcrumbs_links_hover_color":"","ocean_display_footer_widgets":"default","ocean_display_footer_bottom":"default","ocean_custom_footer_template":"","footnotes":""},"class_list":["post-1116","page","type-page","status-publish","hentry","entry","has-media"],"_links":{"self":[{"href":"https:\/\/www.robinsonlogistics.com.ar\/en\/wp-json\/wp\/v2\/pages\/1116","targetHints":{"allow":["GET"]}}],"collection":[{"href":"https:\/\/www.robinsonlogistics.com.ar\/en\/wp-json\/wp\/v2\/pages"}],"about":[{"href":"https:\/\/www.robinsonlogistics.com.ar\/en\/wp-json\/wp\/v2\/types\/page"}],"author":[{"embeddable":true,"href":"https:\/\/www.robinsonlogistics.com.ar\/en\/wp-json\/wp\/v2\/users\/2"}],"replies":[{"embeddable":true,"href":"https:\/\/www.robinsonlogistics.com.ar\/en\/wp-json\/wp\/v2\/comments?post=1116"}],"version-history":[{"count":48,"href":"https:\/\/www.robinsonlogistics.com.ar\/en\/wp-json\/wp\/v2\/pages\/1116\/revisions"}],"predecessor-version":[{"id":1609,"href":"https:\/\/www.robinsonlogistics.com.ar\/en\/wp-json\/wp\/v2\/pages\/1116\/revisions\/1609"}],"wp:attachment":[{"href":"https:\/\/www.robinsonlogistics.com.ar\/en\/wp-json\/wp\/v2\/media?parent=1116"}],"curies":[{"name":"wp","href":"https:\/\/api.w.org\/{rel}","templated":true}]}}